{"id":694,"date":"2025-12-09T11:27:55","date_gmt":"2025-12-09T11:27:55","guid":{"rendered":"https:\/\/hydroalpslab.geekworkers.dev\/?page_id=694"},"modified":"2026-03-02T09:25:20","modified_gmt":"2026-03-02T09:25:20","slug":"veroffentlichungen","status":"publish","type":"page","link":"https:\/\/hydroalpslab.ch\/de\/publications\/","title":{"rendered":"Ver\u00f6ffentlichungen"},"content":{"rendered":"\t\t<div data-elementor-type=\"wp-page\" data-elementor-id=\"694\" class=\"elementor elementor-694\" data-elementor-post-type=\"page\">\n\t\t\t\t<div class=\"elementor-element elementor-element-685a851 e-flex e-con-boxed e-con e-parent\" data-id=\"685a851\" data-element_type=\"container\" data-e-type=\"container\" data-settings=\"{&quot;jet_parallax_layout_list&quot;:[]}\">\n\t\t\t\t\t<div class=\"e-con-inner\">\n\t\t<div class=\"elementor-element elementor-element-88d46e2 e-con-full e-flex e-con e-child\" data-id=\"88d46e2\" data-element_type=\"container\" data-e-type=\"container\" data-settings=\"{&quot;background_background&quot;:&quot;classic&quot;,&quot;jet_parallax_layout_list&quot;:[]}\">\n\t\t<div class=\"elementor-element elementor-element-aaf01a9 e-con-full e-flex e-con e-child\" data-id=\"aaf01a9\" data-element_type=\"container\" data-e-type=\"container\" data-settings=\"{&quot;jet_parallax_layout_list&quot;:[]}\">\n\t\t\t\t<div class=\"elementor-element elementor-element-93ac4d6 jet-breadcrumbs-align-left elementor-widget elementor-widget-jet-breadcrumbs\" data-id=\"93ac4d6\" data-element_type=\"widget\" data-e-type=\"widget\" data-widget_type=\"jet-breadcrumbs.default\">\n\t\t\t\t<div class=\"elementor-widget-container\">\n\t\t\t\t\t<div class=\"elementor-jet-breadcrumbs jet-blocks\">\n\t\t<div class=\"jet-breadcrumbs\">\n\t\t<div class=\"jet-breadcrumbs__content\">\n\t\t<div class=\"jet-breadcrumbs__wrap\"><div class=\"jet-breadcrumbs__item\"><a href=\"https:\/\/hydroalpslab.ch\/de\/\" class=\"jet-breadcrumbs__item-link is-home\" rel=\"home\" title=\"\"><svg xmlns=\"http:\/\/www.w3.org\/2000\/svg\" width=\"17\" height=\"16\" viewBox=\"0 0 17 16\" fill=\"none\">   <path d=\"M0.75 7.71319L7.4655 0.996938C7.7955 0.667687 8.3295 0.667687 8.65875 0.996938L15.375 7.71319M2.4375 6.02569V13.6194C2.4375 14.0852 2.8155 14.4632 3.28125 14.4632H6.375V10.8069C6.375 10.3412 6.753 9.96319 7.21875 9.96319H8.90625C9.372 9.96319 9.75 10.3412 9.75 10.8069V14.4632H12.8438C13.3095 14.4632 13.6875 14.0852 13.6875 13.6194V6.02569M5.25 14.4632H11.4375\" stroke=\"#4472C4\" stroke-width=\"1.5\" stroke-linecap=\"round\" stroke-linejoin=\"round\"\/> <\/svg><\/a><\/div>\n\t\t<\/div>\n\t\t<\/div>\n\t\t<\/div><\/div>\t\t\t\t<\/div>\n\t\t\t\t<\/div>\n\t\t\t\t<div class=\"elementor-element elementor-element-f16dac0 elementor-widget elementor-widget-text-editor\" data-id=\"f16dac0\" data-element_type=\"widget\" data-e-type=\"widget\" data-widget_type=\"text-editor.default\">\n\t\t\t\t\t\t\t\t\t<p>Acc\u00e9dez \u00e0 l&rsquo;ensemble des recherches, articles et rapports du Hydro Alps Lab, reflet de notre contribution \u00e0 l&rsquo;avancement des connaissances en hydro\u00e9lectricit\u00e9.<\/p>\t\t\t\t\t\t\t\t<\/div>\n\t\t\t\t<div class=\"elementor-element elementor-element-1c19931 elementor-align-left elementor-widget elementor-widget-button\" data-id=\"1c19931\" data-element_type=\"widget\" data-e-type=\"widget\" data-widget_type=\"button.default\">\n\t\t\t\t\t\t\t\t\t\t<a class=\"elementor-button elementor-button-link elementor-size-sm\" href=\"#details\">\n\t\t\t\t\t\t<span class=\"elementor-button-content-wrapper\">\n\t\t\t\t\t\t\t\t\t<span class=\"elementor-button-text\">En savoir plus<\/span>\n\t\t\t\t\t<\/span>\n\t\t\t\t\t<\/a>\n\t\t\t\t\t\t\t\t<\/div>\n\t\t\t\t<\/div>\n\t\t\t\t<\/div>\n\t\t\t\t\t<\/div>\n\t\t\t\t<\/div>\n\t\t<div class=\"elementor-element elementor-element-d6d1c22 e-flex e-con-boxed e-con e-parent\" data-id=\"d6d1c22\" data-element_type=\"container\" data-e-type=\"container\" id=\"details\" data-settings=\"{&quot;jet_parallax_layout_list&quot;:[]}\">\n\t\t\t\t\t<div class=\"e-con-inner\">\n\t\t\t\t<div class=\"elementor-element elementor-element-d1139bb elementor-widget elementor-widget-heading\" data-id=\"d1139bb\" data-element_type=\"widget\" data-e-type=\"widget\" data-widget_type=\"heading.default\">\n\t\t\t\t\t<h2 class=\"elementor-heading-title elementor-size-default\">Toutes les publications<\/h2>\t\t\t\t<\/div>\n\t\t<div class=\"elementor-element elementor-element-9730172 e-con-full e-flex e-con e-child\" data-id=\"9730172\" data-element_type=\"container\" data-e-type=\"container\" data-settings=\"{&quot;jet_parallax_layout_list&quot;:[]}\">\n\t\t\t\t<div class=\"elementor-element elementor-element-82abdd0 elementor-widget elementor-widget-heading\" data-id=\"82abdd0\" data-element_type=\"widget\" data-e-type=\"widget\" data-widget_type=\"heading.default\">\n\t\t\t\t\t<h3 class=\"elementor-heading-title elementor-size-default\">Journals et Conf\u00e9rences<\/h3>\t\t\t\t<\/div>\n\t\t\t\t<div class=\"elementor-element elementor-element-198a363 elementor-widget__width-inherit elementor-widget elementor-widget-html\" data-id=\"198a363\" data-element_type=\"widget\" data-e-type=\"widget\" data-widget_type=\"html.default\">\n\t\t\t\t\t<iframe src=\"\/wp-content\/uploads\/2026\/02\/PublicationGrHydro-1.html\" \n        style=\"width:100%; height:800px; border:none;\" \n        title=\"Publication GrHydro\">\n<\/iframe>\t\t\t\t<\/div>\n\t\t\t\t<div class=\"elementor-element elementor-element-3bb2deb elementor-widget elementor-widget-heading\" data-id=\"3bb2deb\" data-element_type=\"widget\" data-e-type=\"widget\" data-widget_type=\"heading.default\">\n\t\t\t\t\t<h3 class=\"elementor-heading-title elementor-size-default\">Travaux \u00e9tudiants<\/h3>\t\t\t\t<\/div>\n\t\t\t\t<div class=\"elementor-element elementor-element-4e6dd8e elementor-widget__width-inherit elementor-widget elementor-widget-html\" data-id=\"4e6dd8e\" data-element_type=\"widget\" data-e-type=\"widget\" data-widget_type=\"html.default\">\n\t\t\t\t\t<iframe src=\"\/wp-content\/uploads\/2026\/02\/TravauxEtudiants.html\" \n        style=\"width:100%; height:800px; border:none;\" \n        title=\"Publication GrHydro\">\n<\/iframe>\t\t\t\t<\/div>\n\t\t\t\t<\/div>\n\t\t\t\t\t<\/div>\n\t\t\t\t<\/div>\n\t\t<div class=\"elementor-element elementor-element-dfd93e0 elementor-hidden-desktop elementor-hidden-tablet elementor-hidden-mobile e-flex e-con-boxed e-con e-parent\" data-id=\"dfd93e0\" data-element_type=\"container\" data-e-type=\"container\" data-settings=\"{&quot;background_background&quot;:&quot;classic&quot;,&quot;jet_parallax_layout_list&quot;:[]}\">\n\t\t\t\t\t<div class=\"e-con-inner\">\n\t\t<div class=\"elementor-element elementor-element-b2265e4 e-con-full e-flex e-con e-child\" data-id=\"b2265e4\" data-element_type=\"container\" data-e-type=\"container\" data-settings=\"{&quot;jet_parallax_layout_list&quot;:[]}\">\n\t\t\t\t<div class=\"elementor-element elementor-element-7e55162 elementor-widget__width-initial elementor-widget elementor-widget-heading\" data-id=\"7e55162\" data-element_type=\"widget\" data-e-type=\"widget\" data-widget_type=\"heading.default\">\n\t\t\t\t\t<h2 class=\"elementor-heading-title elementor-size-default\">Rapports Techniques et Communications Visuelles<\/h2>\t\t\t\t<\/div>\n\t\t\t\t<div class=\"elementor-element elementor-element-47fadd1 elementor-widget__width-initial elementor-widget elementor-widget-text-editor\" data-id=\"47fadd1\" data-element_type=\"widget\" data-e-type=\"widget\" data-widget_type=\"text-editor.default\">\n\t\t\t\t\t\t\t\t\t<p>Retrouvez ici nos communications techniques et posters scientifiques pr\u00e9sent\u00e9s lors de conf\u00e9rences.<\/p>\t\t\t\t\t\t\t\t<\/div>\n\t\t\t\t<\/div>\n\t\t\t\t<div class=\"elementor-element elementor-element-9f2f36a elementor-widget elementor-widget-jet-listing-grid\" data-id=\"9f2f36a\" data-element_type=\"widget\" data-e-type=\"widget\" data-settings=\"{&quot;columns&quot;:3,&quot;columns_tablet&quot;:&quot;2&quot;,&quot;columns_mobile&quot;:&quot;1&quot;}\" data-widget_type=\"jet-listing-grid.default\">\n\t\t\t\t\t<div class=\"jet-listing-grid jet-listing\"><ul class=\"jet-listing-grid__items grid-col-desk-3 grid-col-tablet-2 grid-col-mobile-1 jet-listing-grid--700 jet-equal-columns__wrapper grid-collapse-gap\" data-queried-id=\"694|WP_Post\" data-cct-slug=\"communications\" data-is-list data-nav=\"{&quot;enabled&quot;:false,&quot;type&quot;:null,&quot;more_el&quot;:null,&quot;query&quot;:[],&quot;widget_settings&quot;:{&quot;lisitng_id&quot;:700,&quot;posts_num&quot;:6,&quot;columns&quot;:3,&quot;columns_tablet&quot;:2,&quot;columns_mobile&quot;:1,&quot;column_min_width&quot;:240,&quot;column_min_width_tablet&quot;:240,&quot;column_min_width_mobile&quot;:240,&quot;inline_columns_css&quot;:false,&quot;is_archive_template&quot;:&quot;&quot;,&quot;post_status&quot;:[&quot;publish&quot;],&quot;use_random_posts_num&quot;:&quot;&quot;,&quot;max_posts_num&quot;:9,&quot;not_found_message&quot;:&quot;No data was found&quot;,&quot;is_masonry&quot;:false,&quot;equal_columns_height&quot;:&quot;yes&quot;,&quot;use_load_more&quot;:&quot;&quot;,&quot;load_more_id&quot;:&quot;&quot;,&quot;load_more_type&quot;:&quot;click&quot;,&quot;load_more_offset&quot;:{&quot;unit&quot;:&quot;px&quot;,&quot;size&quot;:0,&quot;sizes&quot;:[]},&quot;use_custom_post_types&quot;:&quot;&quot;,&quot;custom_post_types&quot;:[],&quot;hide_widget_if&quot;:&quot;&quot;,&quot;carousel_enabled&quot;:&quot;&quot;,&quot;slides_to_scroll&quot;:&quot;1&quot;,&quot;arrows&quot;:&quot;true&quot;,&quot;arrow_icon&quot;:&quot;fa fa-angle-left&quot;,&quot;dots&quot;:&quot;&quot;,&quot;autoplay&quot;:&quot;true&quot;,&quot;pause_on_hover&quot;:&quot;true&quot;,&quot;autoplay_speed&quot;:5000,&quot;infinite&quot;:&quot;true&quot;,&quot;center_mode&quot;:&quot;&quot;,&quot;effect&quot;:&quot;slide&quot;,&quot;speed&quot;:500,&quot;inject_alternative_items&quot;:&quot;&quot;,&quot;injection_items&quot;:[],&quot;scroll_slider_enabled&quot;:&quot;&quot;,&quot;scroll_slider_on&quot;:[&quot;desktop&quot;,&quot;tablet&quot;,&quot;mobile&quot;],&quot;custom_query&quot;:false,&quot;custom_query_id&quot;:&quot;&quot;,&quot;_element_id&quot;:&quot;&quot;,&quot;collapse_first_last_gap&quot;:&quot;true&quot;,&quot;list_tag_selection&quot;:&quot;&quot;,&quot;list_items_wrapper_tag&quot;:&quot;ul&quot;,&quot;list_item_tag&quot;:&quot;li&quot;,&quot;empty_items_wrapper_tag&quot;:&quot;div&quot;}}\" data-page=\"1\" data-pages=\"1\" data-listing-source=\"custom_content_type\" data-listing-id=\"700\" data-query-id=\"\"><li class=\"jet-listing-grid__item jet-listing-dynamic-post-4 jet-equal-columns jet-listing-grid__list_item\" data-post-id=\"4\"  ><div class=\"jet-engine-listing-overlay-wrap\" data-url=\"https:\/\/hydroalpslab.ch\/debut-du-projet-innosuisse-thalea\/\" data-target=\"_blank\">\t\t<div data-elementor-type=\"jet-listing-items\" data-elementor-id=\"700\" class=\"elementor elementor-700\" data-elementor-post-type=\"jet-engine\">\n\t\t\t\t<div class=\"elementor-element elementor-element-9de13a3 e-con-full e-flex e-con e-parent\" data-id=\"9de13a3\" data-element_type=\"container\" data-e-type=\"container\" data-settings=\"{&quot;jet_parallax_layout_list&quot;:[]}\">\n\t\t\t\t<div class=\"elementor-element elementor-element-4b5c8d1 elementor-widget elementor-widget-jet-listing-dynamic-image\" data-id=\"4b5c8d1\" data-element_type=\"widget\" data-e-type=\"widget\" data-widget_type=\"jet-listing-dynamic-image.default\">\n\t\t\t\t\t<div class=\"jet-listing jet-listing-dynamic-image\" ><img fetchpriority=\"high\" decoding=\"async\" width=\"475\" height=\"264\" src=\"https:\/\/hydroalpslab.ch\/wp-content\/uploads\/2026\/02\/Thalea-robot.jpg\" class=\"jet-listing-dynamic-image__img attachment-full size-full\" alt=\"\" srcset=\"https:\/\/hydroalpslab.ch\/wp-content\/uploads\/2026\/02\/Thalea-robot.jpg 475w, https:\/\/hydroalpslab.ch\/wp-content\/uploads\/2026\/02\/Thalea-robot-300x167.jpg 300w\" sizes=\"(max-width: 475px) 100vw, 475px\" loading=\"eager\" \/><\/div>\t\t\t\t<\/div>\n\t\t\t\t<div class=\"elementor-element elementor-element-4149578 elementor-widget elementor-widget-jet-listing-dynamic-field\" data-id=\"4149578\" data-element_type=\"widget\" data-e-type=\"widget\" data-widget_type=\"jet-listing-dynamic-field.default\">\n\t\t\t\t\t<div class=\"jet-listing jet-listing-dynamic-field display-inline\"><div class=\"jet-listing-dynamic-field__inline-wrap\"><div class=\"jet-listing-dynamic-field__content\" >Kickoff du projet Thalea<\/div><\/div><\/div>\t\t\t\t<\/div>\n\t\t\t\t<div class=\"elementor-element elementor-element-5c7c46c elementor-widget elementor-widget-jet-listing-dynamic-field\" data-id=\"5c7c46c\" data-element_type=\"widget\" data-e-type=\"widget\" data-widget_type=\"jet-listing-dynamic-field.default\">\n\t\t\t\t\t<div class=\"jet-listing jet-listing-dynamic-field display-inline\"><div class=\"jet-listing-dynamic-field__inline-wrap\"><div class=\"jet-listing-dynamic-field__content\" ><\/div><\/div><\/div>\t\t\t\t<\/div>\n\t\t\t\t<\/div>\n\t\t\t\t<\/div>\n\t\t<a href=\"https:\/\/hydroalpslab.ch\/debut-du-projet-innosuisse-thalea\/\" class=\"jet-engine-listing-overlay-link\" target=\"_blank\"><\/a><\/div><\/li><li class=\"jet-listing-grid__item jet-listing-dynamic-post-3 jet-equal-columns jet-listing-grid__list_item\" data-post-id=\"3\"  ><div class=\"jet-engine-listing-overlay-wrap\" data-url=\"http:\/\/hydroalpslab.ch\/wp-content\/uploads\/2025\/12\/pdf-test.pdf\" data-target=\"_blank\">\t\t<div data-elementor-type=\"jet-listing-items\" data-elementor-id=\"700\" class=\"elementor elementor-700\" data-elementor-post-type=\"jet-engine\">\n\t\t\t\t<div class=\"elementor-element elementor-element-9de13a3 e-con-full e-flex e-con e-parent\" data-id=\"9de13a3\" data-element_type=\"container\" data-e-type=\"container\" data-settings=\"{&quot;jet_parallax_layout_list&quot;:[]}\">\n\t\t\t\t<div class=\"elementor-element elementor-element-4b5c8d1 elementor-widget elementor-widget-jet-listing-dynamic-image\" data-id=\"4b5c8d1\" data-element_type=\"widget\" data-e-type=\"widget\" data-widget_type=\"jet-listing-dynamic-image.default\">\n\t\t\t\t\t<div class=\"jet-listing jet-listing-dynamic-image\" ><img decoding=\"async\" width=\"1440\" height=\"959\" src=\"https:\/\/hydroalpslab.ch\/wp-content\/uploads\/2025\/12\/publication-3.webp\" class=\"jet-listing-dynamic-image__img attachment-full size-full\" alt=\"\" srcset=\"https:\/\/hydroalpslab.ch\/wp-content\/uploads\/2025\/12\/publication-3.webp 1440w, https:\/\/hydroalpslab.ch\/wp-content\/uploads\/2025\/12\/publication-3-300x200.webp 300w, https:\/\/hydroalpslab.ch\/wp-content\/uploads\/2025\/12\/publication-3-1024x682.webp 1024w, https:\/\/hydroalpslab.ch\/wp-content\/uploads\/2025\/12\/publication-3-768x511.webp 768w\" sizes=\"(max-width: 1440px) 100vw, 1440px\" loading=\"eager\" \/><\/div>\t\t\t\t<\/div>\n\t\t\t\t<div class=\"elementor-element elementor-element-4149578 elementor-widget elementor-widget-jet-listing-dynamic-field\" data-id=\"4149578\" data-element_type=\"widget\" data-e-type=\"widget\" data-widget_type=\"jet-listing-dynamic-field.default\">\n\t\t\t\t\t<div class=\"jet-listing jet-listing-dynamic-field display-inline\"><div class=\"jet-listing-dynamic-field__inline-wrap\"><div class=\"jet-listing-dynamic-field__content\" >Sommet de l'\u00c9nergie Renouvelable<\/div><\/div><\/div>\t\t\t\t<\/div>\n\t\t\t\t<div class=\"elementor-element elementor-element-5c7c46c elementor-widget elementor-widget-jet-listing-dynamic-field\" data-id=\"5c7c46c\" data-element_type=\"widget\" data-e-type=\"widget\" data-widget_type=\"jet-listing-dynamic-field.default\">\n\t\t\t\t\t<div class=\"jet-listing jet-listing-dynamic-field display-inline\"><div class=\"jet-listing-dynamic-field__inline-wrap\"><div class=\"jet-listing-dynamic-field__content\" >Poster, Visuel<\/div><\/div><\/div>\t\t\t\t<\/div>\n\t\t\t\t<\/div>\n\t\t\t\t<\/div>\n\t\t<a href=\"http:\/\/hydroalpslab.ch\/wp-content\/uploads\/2025\/12\/pdf-test.pdf\" class=\"jet-engine-listing-overlay-link\" target=\"_blank\"><\/a><\/div><\/li><li class=\"jet-listing-grid__item jet-listing-dynamic-post-2 jet-equal-columns jet-listing-grid__list_item\" data-post-id=\"2\"  ><div class=\"jet-engine-listing-overlay-wrap\" data-url=\"https:\/\/www.hevs.ch\/en\/events\/conference-harnessing-hydropower-s-energy-storage-and-flexibility-for-the-energy-transition-212850\" data-target=\"_blank\">\t\t<div data-elementor-type=\"jet-listing-items\" data-elementor-id=\"700\" class=\"elementor elementor-700\" data-elementor-post-type=\"jet-engine\">\n\t\t\t\t<div class=\"elementor-element elementor-element-9de13a3 e-con-full e-flex e-con e-parent\" data-id=\"9de13a3\" data-element_type=\"container\" data-e-type=\"container\" data-settings=\"{&quot;jet_parallax_layout_list&quot;:[]}\">\n\t\t\t\t<div class=\"elementor-element elementor-element-4b5c8d1 elementor-widget elementor-widget-jet-listing-dynamic-image\" data-id=\"4b5c8d1\" data-element_type=\"widget\" data-e-type=\"widget\" data-widget_type=\"jet-listing-dynamic-image.default\">\n\t\t\t\t\t<div class=\"jet-listing jet-listing-dynamic-image\" ><img decoding=\"async\" width=\"1440\" height=\"810\" src=\"https:\/\/hydroalpslab.ch\/wp-content\/uploads\/2025\/12\/publication-2.webp\" class=\"jet-listing-dynamic-image__img attachment-full size-full\" alt=\"\" srcset=\"https:\/\/hydroalpslab.ch\/wp-content\/uploads\/2025\/12\/publication-2.webp 1440w, https:\/\/hydroalpslab.ch\/wp-content\/uploads\/2025\/12\/publication-2-300x169.webp 300w, https:\/\/hydroalpslab.ch\/wp-content\/uploads\/2025\/12\/publication-2-1024x576.webp 1024w, https:\/\/hydroalpslab.ch\/wp-content\/uploads\/2025\/12\/publication-2-768x432.webp 768w\" sizes=\"(max-width: 1440px) 100vw, 1440px\" loading=\"eager\" \/><\/div>\t\t\t\t<\/div>\n\t\t\t\t<div class=\"elementor-element elementor-element-4149578 elementor-widget elementor-widget-jet-listing-dynamic-field\" data-id=\"4149578\" data-element_type=\"widget\" data-e-type=\"widget\" data-widget_type=\"jet-listing-dynamic-field.default\">\n\t\t\t\t\t<div class=\"jet-listing jet-listing-dynamic-field display-inline\"><div class=\"jet-listing-dynamic-field__inline-wrap\"><div class=\"jet-listing-dynamic-field__content\" >Harnessing Hydropower's Energy Storage and Flexibility for the Energy Transition<\/div><\/div><\/div>\t\t\t\t<\/div>\n\t\t\t\t<div class=\"elementor-element elementor-element-5c7c46c elementor-widget elementor-widget-jet-listing-dynamic-field\" data-id=\"5c7c46c\" data-element_type=\"widget\" data-e-type=\"widget\" data-widget_type=\"jet-listing-dynamic-field.default\">\n\t\t\t\t\t<div class=\"jet-listing jet-listing-dynamic-field display-inline\"><div class=\"jet-listing-dynamic-field__inline-wrap\"><div class=\"jet-listing-dynamic-field__content\" >Visuel, Rapport<\/div><\/div><\/div>\t\t\t\t<\/div>\n\t\t\t\t<\/div>\n\t\t\t\t<\/div>\n\t\t<a href=\"https:\/\/www.hevs.ch\/en\/events\/conference-harnessing-hydropower-s-energy-storage-and-flexibility-for-the-energy-transition-212850\" class=\"jet-engine-listing-overlay-link\" target=\"_blank\" rel=\"noopener\"><\/a><\/div><\/li><li class=\"jet-listing-grid__item jet-listing-dynamic-post-1 jet-equal-columns jet-listing-grid__list_item\" data-post-id=\"1\"  ><div class=\"jet-engine-listing-overlay-wrap\" data-url=\"https:\/\/www.hevs.ch\/fr\/actualites\/creation-du-laboratoire-de-lhydroelectricite-hydro-alps-lab-26711\" data-target=\"_blank\">\t\t<div data-elementor-type=\"jet-listing-items\" data-elementor-id=\"700\" class=\"elementor elementor-700\" data-elementor-post-type=\"jet-engine\">\n\t\t\t\t<div class=\"elementor-element elementor-element-9de13a3 e-con-full e-flex e-con e-parent\" data-id=\"9de13a3\" data-element_type=\"container\" data-e-type=\"container\" data-settings=\"{&quot;jet_parallax_layout_list&quot;:[]}\">\n\t\t\t\t<div class=\"elementor-element elementor-element-4b5c8d1 elementor-widget elementor-widget-jet-listing-dynamic-image\" data-id=\"4b5c8d1\" data-element_type=\"widget\" data-e-type=\"widget\" data-widget_type=\"jet-listing-dynamic-image.default\">\n\t\t\t\t\t<div class=\"jet-listing jet-listing-dynamic-image\" ><img decoding=\"async\" width=\"443\" height=\"333\" src=\"https:\/\/hydroalpslab.ch\/wp-content\/uploads\/2026\/02\/kick_off_HAL.jpg\" class=\"jet-listing-dynamic-image__img attachment-full size-full\" alt=\"\" srcset=\"https:\/\/hydroalpslab.ch\/wp-content\/uploads\/2026\/02\/kick_off_HAL.jpg 443w, https:\/\/hydroalpslab.ch\/wp-content\/uploads\/2026\/02\/kick_off_HAL-300x226.jpg 300w\" sizes=\"(max-width: 443px) 100vw, 443px\" loading=\"eager\" \/><\/div>\t\t\t\t<\/div>\n\t\t\t\t<div class=\"elementor-element elementor-element-4149578 elementor-widget elementor-widget-jet-listing-dynamic-field\" data-id=\"4149578\" data-element_type=\"widget\" data-e-type=\"widget\" data-widget_type=\"jet-listing-dynamic-field.default\">\n\t\t\t\t\t<div class=\"jet-listing jet-listing-dynamic-field display-inline\"><div class=\"jet-listing-dynamic-field__inline-wrap\"><div class=\"jet-listing-dynamic-field__content\" >Lancement du Hydro Alps Lab<\/div><\/div><\/div>\t\t\t\t<\/div>\n\t\t\t\t<div class=\"elementor-element elementor-element-5c7c46c elementor-widget elementor-widget-jet-listing-dynamic-field\" data-id=\"5c7c46c\" data-element_type=\"widget\" data-e-type=\"widget\" data-widget_type=\"jet-listing-dynamic-field.default\">\n\t\t\t\t\t<div class=\"jet-listing jet-listing-dynamic-field display-inline\"><div class=\"jet-listing-dynamic-field__inline-wrap\"><div class=\"jet-listing-dynamic-field__content\" >Visuel, Pr\u00e9sentation<\/div><\/div><\/div>\t\t\t\t<\/div>\n\t\t\t\t<\/div>\n\t\t\t\t<\/div>\n\t\t<a href=\"https:\/\/www.hevs.ch\/fr\/actualites\/creation-du-laboratoire-de-lhydroelectricite-hydro-alps-lab-26711\" class=\"jet-engine-listing-overlay-link\" target=\"_blank\" rel=\"noopener\"><\/a><\/div><\/li><\/ul><\/div>\t\t\t\t<\/div>\n\t\t\t\t\t<\/div>\n\t\t\t\t<\/div>\n\t\t\t\t<\/div>\n\t\t","protected":false},"excerpt":{"rendered":"<p>Acc\u00e9dez \u00e0 l&rsquo;ensemble des recherches, articles et rapports du Hydro Alps Lab, reflet de notre contribution \u00e0 l&rsquo;avancement des connaissances en hydro\u00e9lectricit\u00e9. En savoir plus Toutes les publications Journals et Conf\u00e9rences Travaux \u00e9tudiants Rapports Techniques et Communications Visuelles Retrouvez ici nos communications techniques et posters scientifiques pr\u00e9sent\u00e9s lors de conf\u00e9rences. Kickoff du projet Thalea Sommet [&hellip;]<\/p>\n","protected":false},"author":1,"featured_media":0,"parent":0,"menu_order":0,"comment_status":"closed","ping_status":"closed","template":"","meta":{"footnotes":""},"class_list":["post-694","page","type-page","status-publish","hentry"],"_links":{"self":[{"href":"https:\/\/hydroalpslab.ch\/de\/wp-json\/wp\/v2\/pages\/694","targetHints":{"allow":["GET"]}}],"collection":[{"href":"https:\/\/hydroalpslab.ch\/de\/wp-json\/wp\/v2\/pages"}],"about":[{"href":"https:\/\/hydroalpslab.ch\/de\/wp-json\/wp\/v2\/types\/page"}],"author":[{"embeddable":true,"href":"https:\/\/hydroalpslab.ch\/de\/wp-json\/wp\/v2\/users\/1"}],"replies":[{"embeddable":true,"href":"https:\/\/hydroalpslab.ch\/de\/wp-json\/wp\/v2\/comments?post=694"}],"version-history":[{"count":47,"href":"https:\/\/hydroalpslab.ch\/de\/wp-json\/wp\/v2\/pages\/694\/revisions"}],"predecessor-version":[{"id":1959,"href":"https:\/\/hydroalpslab.ch\/de\/wp-json\/wp\/v2\/pages\/694\/revisions\/1959"}],"wp:attachment":[{"href":"https:\/\/hydroalpslab.ch\/de\/wp-json\/wp\/v2\/media?parent=694"}],"curies":[{"name":"wp","href":"https:\/\/api.w.org\/{rel}","templated":true}]}}